{"id":3076,"date":"2020-07-03T20:26:02","date_gmt":"2020-07-03T18:26:02","guid":{"rendered":"https:\/\/reconnexion-reconnectie.be\/liens-utiles\/"},"modified":"2023-10-14T09:40:18","modified_gmt":"2023-10-14T07:40:18","slug":"liens-utiles","status":"publish","type":"page","link":"https:\/\/reconnexion-reconnectie.be\/fr\/liens-utiles\/","title":{"rendered":"Liens utiles"},"content":{"rendered":"\n<p>Page FaceBook : <a href=\"https:\/\/www.facebook.com\/ReconnexionReconnectieBelgium\" target=\"_blank\" rel=\"noreferrer noopener\">ReconnexionReconnectieBE<\/a><\/p>\n\n<p>Site international de la reconnexion <a href=\"https:\/\/thereconnection.com\" target=\"_blank\" rel=\"noreferrer noopener\">: https:\/\/thereconnection.com<\/a><\/p>\n\n<p>Vid\u00e9os d&rsquo;Eric Pearl et de Jillian Fleer, fondateurs de The Reconnection\u00ae <a href=\"https:\/\/www.youtube.com\/user\/TheReconnecti\" target=\"_blank\" rel=\"noreferrer noopener\">: https:\/\/www.youtube.com\/user\/TheReconnectionTV<\/a><\/p>\n\n<p>Page FaceBook officielle de la Reconnexion : <a rel=\"noreferrer noopener\" href=\"https:\/\/www.facebook.com\/Dr.EricPearlTheReconnection\/\" target=\"_blank\"><\/a><a href=\"https:\/\/www.facebook.com\/Dr.EricPearlTheReconnection\/\">https:\/\/www.facebook.com\/Dr.EricPearlTheReconnection\/<\/a><\/p>\n\n<p>Formations \u00e0 la gu\u00e9rison reconnective et \u00e0 la reconnexion personnelle (en direct ou en ligne) : <a href=\"https:\/\/reconnectiveacademy.com\" target=\"_blank\" rel=\"noreferrer noopener\">https:\/\/reconnectiveacademy.com<\/a><\/p>\n\n<p>Association fran\u00e7aise des praticiens de la reconnexion (AFPLR) <a rel=\"noreferrer noopener\" href=\"https:\/\/www.afplr.fr\/\" target=\"_blank\">: https:\/\/www.afplr.fr\/<\/a><\/p>\n\n<p>La Reconnexion aux Pays-Bas : contactez un mentor n\u00e9erlandophone pour plus d&rsquo;informations <\/p>\n\n<p>La reconnexion en Allemagne <a rel=\"noreferrer noopener\" href=\"https:\/\/www.reconnection-verband.eu\/\" target=\"_blank\">: https:\/\/www.reconnection-verband.eu\/<\/a><\/p>\n\n<figure class=\"wp-block-image size-large\"><a href=\"https:\/\/www.youtube.com\/user\/TheReconnecti\" target=\"_blank\" rel=\"noopener noreferrer\"><img fetchpriority=\"high\" decoding=\"async\" width=\"818\" height=\"225\" src=\"https:\/\/reconnexion-reconnectie.be\/wp-content\/uploads\/2020\/07\/YouTube-Eric-Pearl-The-Reconnection-2-2.jpg\" alt=\"YouTube La reconnexion\" class=\"wp-image-437\" srcset=\"https:\/\/reconnexion-reconnectie.be\/wp-content\/uploads\/2020\/07\/YouTube-Eric-Pearl-The-Reconnection-2-2.jpg 818w, https:\/\/reconnexion-reconnectie.be\/wp-content\/uploads\/2020\/07\/YouTube-Eric-Pearl-The-Reconnection-2-2-300x83.jpg 300w, https:\/\/reconnexion-reconnectie.be\/wp-content\/uploads\/2020\/07\/YouTube-Eric-Pearl-The-Reconnection-2-2-768x211.jpg 768w\" sizes=\"(max-width: 818px) 100vw, 818px\" \/><\/a><\/figure>","protected":false},"excerpt":{"rendered":"<p>Page FaceBook : ReconnexionReconnectieBE Site international de la reconnexion : https:\/\/thereconnection.com Vid\u00e9os d&rsquo;Eric Pearl et de Jillian Fleer, fondateurs de The Reconnection\u00ae : https:\/\/www.youtube.com\/user\/TheReconnectionTV Page FaceBook officielle de la Reconnexion : https:\/\/www.facebook.com\/Dr.EricPearlTheReconnection\/ Formations \u00e0 la gu\u00e9rison reconnective et \u00e0 la reconnexion personnelle (en direct ou en ligne) : https:\/\/reconnectiveacademy.com Association fran\u00e7aise des praticiens de la [&hellip;]<\/p>\n","protected":false},"author":2,"featured_media":0,"parent":0,"menu_order":0,"comment_status":"closed","ping_status":"closed","template":"","meta":{"site-sidebar-layout":"default","site-content-layout":"","ast-site-content-layout":"default","site-content-style":"default","site-sidebar-style":"default","ast-global-header-display":"","ast-banner-title-visibility":"","ast-main-header-display":"","ast-hfb-above-header-display":"","ast-hfb-below-header-display":"","ast-hfb-mobile-header-display":"","site-post-title":"","ast-breadcrumbs-content":"","ast-featured-img":"","footer-sml-layout":"","ast-disable-related-posts":"","theme-transparent-header-meta":"","adv-header-id-meta":"","stick-header-meta":"","header-above-stick-meta":"","header-main-stick-meta":"","header-below-stick-meta":"","astra-migrate-meta-layouts":"default","ast-page-background-enabled":"default","ast-page-background-meta":{"desktop":{"background-color":"var(--ast-global-color-4)","background-image":"","background-repeat":"repeat","background-position":"center center","background-size":"auto","background-attachment":"scroll","background-type":"","background-media":"","overlay-type":"","overlay-color":"","overlay-opacity":"","overlay-gradient":""},"tablet":{"background-color":"","background-image":"","background-repeat":"repeat","background-position":"center center","background-size":"auto","background-attachment":"scroll","background-type":"","background-media":"","overlay-type":"","overlay-color":"","overlay-opacity":"","overlay-gradient":""},"mobile":{"background-color":"","background-image":"","background-repeat":"repeat","background-position":"center center","background-size":"auto","background-attachment":"scroll","background-type":"","background-media":"","overlay-type":"","overlay-color":"","overlay-opacity":"","overlay-gradient":""}},"ast-content-background-meta":{"desktop":{"background-color":"var(--ast-global-color-5)","background-image":"","background-repeat":"repeat","background-position":"center center","background-size":"auto","background-attachment":"scroll","background-type":"","background-media":"","overlay-type":"","overlay-color":"","overlay-opacity":"","overlay-gradient":""},"tablet":{"background-color":"var(--ast-global-color-5)","background-image":"","background-repeat":"repeat","background-position":"center center","background-size":"auto","background-attachment":"scroll","background-type":"","background-media":"","overlay-type":"","overlay-color":"","overlay-opacity":"","overlay-gradient":""},"mobile":{"background-color":"var(--ast-global-color-5)","background-image":"","background-repeat":"repeat","background-position":"center center","background-size":"auto","background-attachment":"scroll","background-type":"","background-media":"","overlay-type":"","overlay-color":"","overlay-opacity":"","overlay-gradient":""}},"footnotes":""},"class_list":["post-3076","page","type-page","status-publish","hentry"],"_links":{"self":[{"href":"https:\/\/reconnexion-reconnectie.be\/fr\/wp-json\/wp\/v2\/pages\/3076","targetHints":{"allow":["GET"]}}],"collection":[{"href":"https:\/\/reconnexion-reconnectie.be\/fr\/wp-json\/wp\/v2\/pages"}],"about":[{"href":"https:\/\/reconnexion-reconnectie.be\/fr\/wp-json\/wp\/v2\/types\/page"}],"author":[{"embeddable":true,"href":"https:\/\/reconnexion-reconnectie.be\/fr\/wp-json\/wp\/v2\/users\/2"}],"replies":[{"embeddable":true,"href":"https:\/\/reconnexion-reconnectie.be\/fr\/wp-json\/wp\/v2\/comments?post=3076"}],"version-history":[{"count":2,"href":"https:\/\/reconnexion-reconnectie.be\/fr\/wp-json\/wp\/v2\/pages\/3076\/revisions"}],"predecessor-version":[{"id":3152,"href":"https:\/\/reconnexion-reconnectie.be\/fr\/wp-json\/wp\/v2\/pages\/3076\/revisions\/3152"}],"wp:attachment":[{"href":"https:\/\/reconnexion-reconnectie.be\/fr\/wp-json\/wp\/v2\/media?parent=3076"}],"curies":[{"name":"wp","href":"https:\/\/api.w.org\/{rel}","templated":true}]}}