{"id":3075,"date":"2020-07-03T20:21:56","date_gmt":"2020-07-03T18:21:56","guid":{"rendered":"https:\/\/reconnexion-reconnectie.be\/formations\/"},"modified":"2025-08-29T12:05:54","modified_gmt":"2025-08-29T10:05:54","slug":"formations","status":"publish","type":"page","link":"https:\/\/reconnexion-reconnectie.be\/fr\/formations\/","title":{"rendered":"Formations"},"content":{"rendered":"\t\t<div data-elementor-type=\"wp-page\" data-elementor-id=\"3075\" class=\"elementor elementor-3075 elementor-348\">\n\t\t\t\t\t\t<section class=\"elementor-section elementor-top-section elementor-element elementor-element-16658ba2 elementor-section-stretched elementor-section-boxed elementor-section-height-default elementor-section-height-default\" data-id=\"16658ba2\" data-element_type=\"section\" data-e-type=\"section\" data-settings=\"{&quot;background_background&quot;:&quot;classic&quot;,&quot;shape_divider_bottom&quot;:&quot;tilt&quot;,&quot;stretch_section&quot;:&quot;section-stretched&quot;}\">\n\t\t\t\t\t\t\t<div class=\"elementor-background-overlay\"><\/div>\n\t\t\t\t\t\t<div class=\"elementor-shape elementor-shape-bottom\" aria-hidden=\"true\" data-negative=\"false\">\n\t\t\t<svg xmlns=\"http:\/\/www.w3.org\/2000\/svg\" viewBox=\"0 0 1000 100\" preserveAspectRatio=\"none\">\n\t<path class=\"elementor-shape-fill\" d=\"M0,6V0h1000v100L0,6z\"\/>\n<\/svg>\t\t<\/div>\n\t\t\t\t\t<div class=\"elementor-container elementor-column-gap-default\">\n\t\t\t\t\t<div class=\"elementor-column elementor-col-100 elementor-top-column elementor-element elementor-element-18f63218\" data-id=\"18f63218\" data-element_type=\"column\" data-e-type=\"column\">\n\t\t\t<div class=\"elementor-widget-wrap elementor-element-populated\">\n\t\t\t\t\t\t<div class=\"elementor-element elementor-element-712657f7 elementor-widget elementor-widget-heading\" data-id=\"712657f7\" data-element_type=\"widget\" data-e-type=\"widget\" data-widget_type=\"heading.default\">\n\t\t\t\t<div class=\"elementor-widget-container\">\n\t\t\t\t\t<h2 class=\"elementor-heading-title elementor-size-default\">Gu\u00e9rir les autres, se gu\u00e9rir soi-m\u00eame<\/h2>\t\t\t\t<\/div>\n\t\t\t\t<\/div>\n\t\t\t\t<div class=\"elementor-element elementor-element-6286af07 elementor-widget elementor-widget-heading\" data-id=\"6286af07\" data-element_type=\"widget\" data-e-type=\"widget\" data-widget_type=\"heading.default\">\n\t\t\t\t<div class=\"elementor-widget-container\">\n\t\t\t\t\t<h1 class=\"elementor-heading-title elementor-size-default\">Tout le monde a le healer g\u00e8ne<\/h1>\t\t\t\t<\/div>\n\t\t\t\t<\/div>\n\t\t\t\t<div class=\"elementor-element elementor-element-46f876cb elementor-widget elementor-widget-text-editor\" data-id=\"46f876cb\" data-element_type=\"widget\" data-e-type=\"widget\" data-widget_type=\"text-editor.default\">\n\t\t\t\t<div class=\"elementor-widget-container\">\n\t\t\t\t\t\t\t\t\t<p>Apprenez le Reconnective Healing, pour vous-m\u00eame, vos amis et votre famille ou pour animer des s\u00e9ances dans un cadre professionnel. <\/p>\t\t\t\t\t\t\t\t<\/div>\n\t\t\t\t<\/div>\n\t\t\t\t<div class=\"elementor-element elementor-element-2662a3db elementor-widget__width-auto elementor-widget elementor-widget-button\" data-id=\"2662a3db\" data-element_type=\"widget\" data-e-type=\"widget\" data-widget_type=\"button.default\">\n\t\t\t\t<div class=\"elementor-widget-container\">\n\t\t\t\t\t\t\t\t\t<div class=\"elementor-button-wrapper\">\n\t\t\t\t\t<a class=\"elementor-button elementor-button-link elementor-size-sm elementor-animation-float\" href=\"http:\/\/www.reconnectiveacademy.com\/events-list\">\n\t\t\t\t\t\t<span class=\"elementor-button-content-wrapper\">\n\t\t\t\t\t\t\t\t\t<span class=\"elementor-button-text\">Tous les programmes de formation dans le monde<\/span>\n\t\t\t\t\t<\/span>\n\t\t\t\t\t<\/a>\n\t\t\t\t<\/div>\n\t\t\t\t\t\t\t\t<\/div>\n\t\t\t\t<\/div>\n\t\t\t\t\t<\/div>\n\t\t<\/div>\n\t\t\t\t\t<\/div>\n\t\t<\/section>\n\t\t<div class=\"elementor-element elementor-element-47e91c5 e-grid e-con-full e-con e-parent\" data-id=\"47e91c5\" data-element_type=\"container\" data-e-type=\"container\">\n\t\t\t\t<div class=\"elementor-element elementor-element-88f04f4 elementor-widget elementor-widget-image\" data-id=\"88f04f4\" data-element_type=\"widget\" data-e-type=\"widget\" data-widget_type=\"image.default\">\n\t\t\t\t<div class=\"elementor-widget-container\">\n\t\t\t\t\t\t\t\t\t\t\t\t\t\t\t\t<a href=\"https:\/\/www.healingjourney.be\" target=\"_blank\">\n\t\t\t\t\t\t\t<img fetchpriority=\"high\" decoding=\"async\" width=\"1024\" height=\"683\" src=\"https:\/\/reconnexion-reconnectie.be\/wp-content\/uploads\/2023\/10\/RHB-1024x683.png\" class=\"attachment-large size-large wp-image-3034\" alt=\"\" srcset=\"https:\/\/reconnexion-reconnectie.be\/wp-content\/uploads\/2023\/10\/RHB-1024x683.png 1024w, https:\/\/reconnexion-reconnectie.be\/wp-content\/uploads\/2023\/10\/RHB-300x200.png 300w, https:\/\/reconnexion-reconnectie.be\/wp-content\/uploads\/2023\/10\/RHB-768x512.png 768w, https:\/\/reconnexion-reconnectie.be\/wp-content\/uploads\/2023\/10\/RHB-1536x1024.png 1536w, https:\/\/reconnexion-reconnectie.be\/wp-content\/uploads\/2023\/10\/RHB.png 1800w\" sizes=\"(max-width: 1024px) 100vw, 1024px\" \/>\t\t\t\t\t\t\t\t<\/a>\n\t\t\t\t\t\t\t\t\t\t\t\t\t\t\t<\/div>\n\t\t\t\t<\/div>\n\t\t\t\t<div class=\"elementor-element elementor-element-2fdbd1e elementor-widget elementor-widget-image\" data-id=\"2fdbd1e\" data-element_type=\"widget\" data-e-type=\"widget\" data-widget_type=\"image.default\">\n\t\t\t\t<div class=\"elementor-widget-container\">\n\t\t\t\t\t\t\t\t\t\t\t\t\t\t\t\t<a href=\"http:\/\/www.hartsbron.be\/one\" target=\"_blank\">\n\t\t\t\t\t\t\t<img decoding=\"async\" width=\"1024\" height=\"683\" src=\"https:\/\/reconnexion-reconnectie.be\/wp-content\/uploads\/2023\/10\/RHB-NL-1024x683.png\" class=\"attachment-large size-large wp-image-3032\" alt=\"\" srcset=\"https:\/\/reconnexion-reconnectie.be\/wp-content\/uploads\/2023\/10\/RHB-NL-1024x683.png 1024w, https:\/\/reconnexion-reconnectie.be\/wp-content\/uploads\/2023\/10\/RHB-NL-300x200.png 300w, https:\/\/reconnexion-reconnectie.be\/wp-content\/uploads\/2023\/10\/RHB-NL-768x512.png 768w, https:\/\/reconnexion-reconnectie.be\/wp-content\/uploads\/2023\/10\/RHB-NL-1536x1024.png 1536w, https:\/\/reconnexion-reconnectie.be\/wp-content\/uploads\/2023\/10\/RHB-NL.png 1800w\" sizes=\"(max-width: 1024px) 100vw, 1024px\" \/>\t\t\t\t\t\t\t\t<\/a>\n\t\t\t\t\t\t\t\t\t\t\t\t\t\t\t<\/div>\n\t\t\t\t<\/div>\n\t\t\t\t<\/div>\n\t\t<div class=\"elementor-element elementor-element-62d73f0a e-flex e-con-boxed e-con e-parent\" data-id=\"62d73f0a\" data-element_type=\"container\" data-e-type=\"container\">\n\t\t\t\t\t<div class=\"e-con-inner\">\n\t\t\t\t<div class=\"elementor-element elementor-element-c184e87 elementor-widget elementor-widget-text-editor\" data-id=\"c184e87\" data-element_type=\"widget\" data-e-type=\"widget\" data-widget_type=\"text-editor.default\">\n\t\t\t\t<div class=\"elementor-widget-container\">\n\t\t\t\t\t\t\t\t\t<figure class=\"wp-block-image size-large\"><\/figure><figure class=\"wp-block-image size-large\"><\/figure><p><img decoding=\"async\" width=\"285\" height=\"400\" class=\"wp-image-429 alignleft\" style=\"font-style: inherit;\" src=\"https:\/\/reconnexion-reconnectie.be\/wp-content\/uploads\/2020\/07\/Eric-Pearl-Book.jpg\" alt=\"Gu\u00e9rir les autres, se gu\u00e9rir soi-m\u00eame Eric Pearl\" srcset=\"https:\/\/reconnexion-reconnectie.be\/wp-content\/uploads\/2020\/07\/Eric-Pearl-Book.jpg 285w, https:\/\/reconnexion-reconnectie.be\/wp-content\/uploads\/2020\/07\/Eric-Pearl-Book-214x300.jpg 214w\" sizes=\"(max-width: 285px) 100vw, 285px\" \/><span style=\"caret-color: #000000; color: #000000; font-size: 16px; font-style: normal;\">Vous souhaitez en savoir plus sur le Reconnective Healing\u00ae et la Reconnexion Personnelle\u00ae, et d\u00e9couvrir comment pratiquer vous-m\u00eame ces puissantes fr\u00e9quences \u00e9nerg\u00e9tiques ? C&rsquo;est une exp\u00e9rience d&rsquo;apprentissage extr\u00eamement enrichissante et \u00e0 la port\u00e9e de tous ! <\/span><strong style=\"caret-color: #000000; color: #000000; font-size: 16px; font-style: normal;\">Aucune condition pr\u00e9alable n&rsquo;est requise<\/strong><span style=\"caret-color: #000000; color: #000000; font-size: 16px; font-style: normal;\">.<\/span><\/p><div class=\"wp-block-columns\"><div class=\"wp-block-column\" style=\"flex-basis: 66.66%;\"><p><span style=\"caret-color: #000000; color: #000000; text-align: var(--text-align); font-family: var( --e-global-typography-text-font-family ), Sans-serif; background-color: var(--ast-global-color-5);\">Apr\u00e8s avoir exp\u00e9riment\u00e9 les bienfaits des s\u00e9ances de Gu\u00e9rison Reconnective (et plus encore apr\u00e8s avoir v\u00e9cu une Reconnexion Personnelle), de nombreuses personnes d\u00e9cident de<\/span><span style=\"caret-color: #000000; color: #000000; text-align: var(--text-align); font-family: var( --e-global-typography-text-font-family ), Sans-serif; background-color: var(--ast-global-color-5);\"> <\/span><strong style=\"caret-color: #000000; color: #000000; text-align: var(--text-align); font-family: var( --e-global-typography-text-font-family ), Sans-serif;\">devenir des praticiens<\/strong><span style=\"caret-color: #000000; color: #000000; text-align: var(--text-align); font-family: var( --e-global-typography-text-font-family ), Sans-serif; background-color: var(--ast-global-color-5);\"> <\/span><span style=\"caret-color: #000000; color: #000000; text-align: var(--text-align); font-family: var( --e-global-typography-text-font-family ), Sans-serif; background-color: var(--ast-global-color-5);\">eux-m\u00eames de ce formidable processus de r\u00e9g\u00e9n\u00e9ration. <\/span>Vous pouvez commencer par lire le <strong>livre d&rsquo;Eric Pearl<\/strong>,<a href=\"https:\/\/www.thereconnection.com\/Reconnection-book\" target=\"_blank\" rel=\"noreferrer noopener\">\u00ab\u00a0The Reconnection, Heal Others, Heal Yourself<\/a>\u00a0\u00bb (Hay House publ., 2003, 256 p.), qui vous donnera le contexte pour explorer la Reconnexion et ses principes de base.<\/p><\/div><\/div><div class=\"wp-block-columns\"><div class=\"wp-block-column\" style=\"flex-basis: 66.66%;\"><p>Votre formation peut commencer par le cours de base en ligne<strong>, \u00ab\u00a0Le Portail\u00a0\u00bb. <\/strong>Il s&rsquo;agit d&rsquo;un module en ligne de 8 heures particuli\u00e8rement complet qui combine des bases th\u00e9oriques, des exercices pratiques, des recommandations d&rsquo;Eric Pearl et de Jillian Fleer, des extraits de canalisations \u00e9nerg\u00e9tiques et des s\u00e9ances de questions-r\u00e9ponses. Il vous est directement accessible <strong>chez vous<\/strong>, sur votre \u00e9cran (sous-titres disponibles en 10 langues). Une fois enregistr\u00e9, vous y avez acc\u00e8s \u00e0 vie.<\/p><\/div><div class=\"wp-block-column\" style=\"flex-basis: 33.33%;\"><figure class=\"wp-block-image size-large is-resized\"><img loading=\"lazy\" decoding=\"async\" class=\"wp-image-391\" src=\"https:\/\/reconnexion-reconnectie.be\/wp-content\/uploads\/2020\/07\/Portal-2.jpg\" alt=\"Formation de niveau 1 en ligne Reconnective Healing\" width=\"229\" height=\"251\" srcset=\"https:\/\/reconnexion-reconnectie.be\/wp-content\/uploads\/2020\/07\/Portal-2.jpg 511w, https:\/\/reconnexion-reconnectie.be\/wp-content\/uploads\/2020\/07\/Portal-2-273x300.jpg 273w\" sizes=\"(max-width: 229px) 100vw, 229px\" \/><\/figure><\/div><\/div><figure class=\"wp-block-image size-large\"><img loading=\"lazy\" decoding=\"async\" class=\"wp-image-2541 size-medium alignleft\" src=\"https:\/\/reconnexion-reconnectie.be\/wp-content\/uploads\/2023\/09\/Reconnective-Healing-Afflichem-Belgium-20230424-_DSC2019-200x300.jpg\" alt=\"\" width=\"200\" height=\"300\" srcset=\"https:\/\/reconnexion-reconnectie.be\/wp-content\/uploads\/2023\/09\/Reconnective-Healing-Afflichem-Belgium-20230424-_DSC2019-200x300.jpg 200w, https:\/\/reconnexion-reconnectie.be\/wp-content\/uploads\/2023\/09\/Reconnective-Healing-Afflichem-Belgium-20230424-_DSC2019-683x1024.jpg 683w, https:\/\/reconnexion-reconnectie.be\/wp-content\/uploads\/2023\/09\/Reconnective-Healing-Afflichem-Belgium-20230424-_DSC2019-768x1152.jpg 768w, https:\/\/reconnexion-reconnectie.be\/wp-content\/uploads\/2023\/09\/Reconnective-Healing-Afflichem-Belgium-20230424-_DSC2019.jpg 960w\" sizes=\"(max-width: 200px) 100vw, 200px\" \/><\/figure><p style=\"caret-color: #000000; color: #000000; font-style: normal;\">Le s\u00e9minaire de week-end en direct du deuxi\u00e8me niveau, le \u00ab\u00a0Programme de formation \u00e0 la gu\u00e9rison reconnective\u00a0\u00bb, vous permettra de ma\u00eetriser la gu\u00e9rison reconnective par une immersion totale dans les fr\u00e9quences. Vous exp\u00e9rimenterez vous-m\u00eame ses effets r\u00e9\u00e9quilibrants, de mani\u00e8re tr\u00e8s concr\u00e8te. Le certificat d\u00e9livr\u00e9 \u00e0 la fin du cours vous permet de devenir un praticien professionnel du Reconnective Healing.<\/p><figure class=\"wp-block-image size-large\" style=\"caret-color: #000000; color: #000000; font-style: normal;\"><\/figure><p><span style=\"caret-color: #000000; color: #000000; text-align: var(--text-align); font-family: var( --e-global-typography-text-font-family ), Sans-serif; background-color: var(--ast-global-color-5);\">Les praticiens qui souhaitent apprendre \u00e0 faciliter la<\/span><span style=\"caret-color: #000000; color: #000000; text-align: var(--text-align); font-family: var( --e-global-typography-text-font-family ), Sans-serif; background-color: var(--ast-global-color-5);\"> <\/span><a style=\"caret-color: #000000; text-align: var(--text-align); font-family: var( --e-global-typography-text-font-family ), Sans-serif;\" href=\"https:\/\/reconnectiveacademy.com\/rcpp-livello-iii\/\">Reconnexion Personnelle<\/a><span style=\"caret-color: #000000; color: #000000; text-align: var(--text-align); font-family: var( --e-global-typography-text-font-family ), Sans-serif; background-color: var(--ast-global-color-5);\"> <\/span><span style=\"caret-color: #000000; color: #000000; text-align: var(--text-align); font-family: var( --e-global-typography-text-font-family ), Sans-serif; background-color: var(--ast-global-color-5);\">peuvent s&rsquo;inscrire \u00e0 un module de formation suivant appel\u00e9 Programme de formation \u00e0 la reconnexion,<\/span><span style=\"caret-color: #000000; color: #000000; text-align: var(--text-align); font-family: var( --e-global-typography-text-font-family ), Sans-serif; background-color: var(--ast-global-color-5);\">  ce qui conduit \u00e0 un exercice d&rsquo;accr\u00e9ditation. Vous serez alors en mesure d&rsquo;offrir \u00e0 vos clients un r\u00e9alignement complet, une reconnexion aux grilles \u00e9nerg\u00e9tiques de la terre et de l&rsquo;univers.<\/span>Les sessions de formation sont organis\u00e9es dans le monde entier par <a href=\"https:\/\/reconnectiveacademy.com\/\">Reconnective Academy International<\/a>. <\/p><p>Pour plus d&rsquo;informations, n&rsquo;h\u00e9sitez pas \u00e0 nous contacter via <a href=\"https:\/\/reconnexion-reconnectie.be\/en\/contact-2\/\">notre formulaire<\/a>.<\/p>\t\t\t\t\t\t\t\t<\/div>\n\t\t\t\t<\/div>\n\t\t\t\t\t<\/div>\n\t\t\t\t<\/div>\n\t\t<div class=\"elementor-element elementor-element-5d1d69c e-flex e-con-boxed e-con e-parent\" data-id=\"5d1d69c\" data-element_type=\"container\" data-e-type=\"container\">\n\t\t\t\t\t<div class=\"e-con-inner\">\n\t\t<div class=\"elementor-element elementor-element-fa0e5d2 e-con-full e-flex e-con e-child\" data-id=\"fa0e5d2\" data-element_type=\"container\" data-e-type=\"container\">\n\t\t\t\t<div class=\"elementor-element elementor-element-e47a0fa elementor-widget elementor-widget-image\" data-id=\"e47a0fa\" data-element_type=\"widget\" data-e-type=\"widget\" data-widget_type=\"image.default\">\n\t\t\t\t<div class=\"elementor-widget-container\">\n\t\t\t\t\t\t\t\t\t\t\t\t\t\t\t<img loading=\"lazy\" decoding=\"async\" width=\"683\" height=\"1024\" src=\"https:\/\/reconnexion-reconnectie.be\/wp-content\/uploads\/2023\/09\/Reconnective-Healing-Afflichem-Belgium-20230424-_DSC1919-683x1024.jpg\" class=\"attachment-large size-large wp-image-3022\" alt=\"\" srcset=\"https:\/\/reconnexion-reconnectie.be\/wp-content\/uploads\/2023\/09\/Reconnective-Healing-Afflichem-Belgium-20230424-_DSC1919-683x1024.jpg 683w, https:\/\/reconnexion-reconnectie.be\/wp-content\/uploads\/2023\/09\/Reconnective-Healing-Afflichem-Belgium-20230424-_DSC1919-200x300.jpg 200w, https:\/\/reconnexion-reconnectie.be\/wp-content\/uploads\/2023\/09\/Reconnective-Healing-Afflichem-Belgium-20230424-_DSC1919-768x1152.jpg 768w, https:\/\/reconnexion-reconnectie.be\/wp-content\/uploads\/2023\/09\/Reconnective-Healing-Afflichem-Belgium-20230424-_DSC1919.jpg 960w\" sizes=\"(max-width: 683px) 100vw, 683px\" \/>\t\t\t\t\t\t\t\t\t\t\t\t\t\t\t<\/div>\n\t\t\t\t<\/div>\n\t\t\t\t<\/div>\n\t\t<div class=\"elementor-element elementor-element-7cac09d e-con-full e-flex e-con e-child\" data-id=\"7cac09d\" data-element_type=\"container\" data-e-type=\"container\">\n\t\t\t\t<div class=\"elementor-element elementor-element-f9df03c elementor-widget elementor-widget-image\" data-id=\"f9df03c\" data-element_type=\"widget\" data-e-type=\"widget\" data-widget_type=\"image.default\">\n\t\t\t\t<div class=\"elementor-widget-container\">\n\t\t\t\t\t\t\t\t\t\t\t\t\t\t\t<img loading=\"lazy\" decoding=\"async\" width=\"683\" height=\"1024\" src=\"https:\/\/reconnexion-reconnectie.be\/wp-content\/uploads\/2023\/09\/Reconnective-Healing-Afflichem-Belgium-20230424-_DSC1921-683x1024.jpg\" class=\"attachment-large size-large wp-image-3024\" alt=\"\" srcset=\"https:\/\/reconnexion-reconnectie.be\/wp-content\/uploads\/2023\/09\/Reconnective-Healing-Afflichem-Belgium-20230424-_DSC1921-683x1024.jpg 683w, https:\/\/reconnexion-reconnectie.be\/wp-content\/uploads\/2023\/09\/Reconnective-Healing-Afflichem-Belgium-20230424-_DSC1921-200x300.jpg 200w, https:\/\/reconnexion-reconnectie.be\/wp-content\/uploads\/2023\/09\/Reconnective-Healing-Afflichem-Belgium-20230424-_DSC1921-768x1152.jpg 768w, https:\/\/reconnexion-reconnectie.be\/wp-content\/uploads\/2023\/09\/Reconnective-Healing-Afflichem-Belgium-20230424-_DSC1921.jpg 960w\" sizes=\"(max-width: 683px) 100vw, 683px\" \/>\t\t\t\t\t\t\t\t\t\t\t\t\t\t\t<\/div>\n\t\t\t\t<\/div>\n\t\t\t\t<\/div>\n\t\t<div class=\"elementor-element elementor-element-1ddd3ee e-con-full e-flex e-con e-child\" data-id=\"1ddd3ee\" data-element_type=\"container\" data-e-type=\"container\">\n\t\t\t\t<div class=\"elementor-element elementor-element-1c1b39f elementor-widget elementor-widget-image\" data-id=\"1c1b39f\" data-element_type=\"widget\" data-e-type=\"widget\" data-widget_type=\"image.default\">\n\t\t\t\t<div class=\"elementor-widget-container\">\n\t\t\t\t\t\t\t\t\t\t\t\t\t\t\t<img loading=\"lazy\" decoding=\"async\" width=\"683\" height=\"1024\" src=\"https:\/\/reconnexion-reconnectie.be\/wp-content\/uploads\/2023\/09\/Reconnective-Healing-Afflichem-Belgium-20230423-_DSC1062-683x1024.jpg\" class=\"attachment-large size-large wp-image-3028\" alt=\"\" srcset=\"https:\/\/reconnexion-reconnectie.be\/wp-content\/uploads\/2023\/09\/Reconnective-Healing-Afflichem-Belgium-20230423-_DSC1062-683x1024.jpg 683w, https:\/\/reconnexion-reconnectie.be\/wp-content\/uploads\/2023\/09\/Reconnective-Healing-Afflichem-Belgium-20230423-_DSC1062-200x300.jpg 200w, https:\/\/reconnexion-reconnectie.be\/wp-content\/uploads\/2023\/09\/Reconnective-Healing-Afflichem-Belgium-20230423-_DSC1062-768x1152.jpg 768w, https:\/\/reconnexion-reconnectie.be\/wp-content\/uploads\/2023\/09\/Reconnective-Healing-Afflichem-Belgium-20230423-_DSC1062.jpg 960w\" sizes=\"(max-width: 683px) 100vw, 683px\" \/>\t\t\t\t\t\t\t\t\t\t\t\t\t\t\t<\/div>\n\t\t\t\t<\/div>\n\t\t\t\t<\/div>\n\t\t<div class=\"elementor-element elementor-element-923e891 e-con-full e-flex e-con e-child\" data-id=\"923e891\" data-element_type=\"container\" data-e-type=\"container\">\n\t\t\t\t<div class=\"elementor-element elementor-element-477b77c elementor-widget elementor-widget-image\" data-id=\"477b77c\" data-element_type=\"widget\" data-e-type=\"widget\" data-widget_type=\"image.default\">\n\t\t\t\t<div class=\"elementor-widget-container\">\n\t\t\t\t\t\t\t\t\t\t\t\t\t\t\t<img loading=\"lazy\" decoding=\"async\" width=\"683\" height=\"1024\" src=\"https:\/\/reconnexion-reconnectie.be\/wp-content\/uploads\/2023\/09\/Reconnective-Healing-Afflichem-Belgium-20230424-_DSC2058-683x1024.jpg\" class=\"attachment-large size-large wp-image-3030\" alt=\"\" srcset=\"https:\/\/reconnexion-reconnectie.be\/wp-content\/uploads\/2023\/09\/Reconnective-Healing-Afflichem-Belgium-20230424-_DSC2058-683x1024.jpg 683w, https:\/\/reconnexion-reconnectie.be\/wp-content\/uploads\/2023\/09\/Reconnective-Healing-Afflichem-Belgium-20230424-_DSC2058-200x300.jpg 200w, https:\/\/reconnexion-reconnectie.be\/wp-content\/uploads\/2023\/09\/Reconnective-Healing-Afflichem-Belgium-20230424-_DSC2058-768x1152.jpg 768w, https:\/\/reconnexion-reconnectie.be\/wp-content\/uploads\/2023\/09\/Reconnective-Healing-Afflichem-Belgium-20230424-_DSC2058.jpg 960w\" sizes=\"(max-width: 683px) 100vw, 683px\" \/>\t\t\t\t\t\t\t\t\t\t\t\t\t\t\t<\/div>\n\t\t\t\t<\/div>\n\t\t\t\t<\/div>\n\t\t\t\t\t<\/div>\n\t\t\t\t<\/div>\n\t\t\t\t<\/div>\n\t\t","protected":false},"excerpt":{"rendered":"<p>Gu\u00e9rir les autres, se gu\u00e9rir soi-m\u00eame Tout le monde a le healer g\u00e8ne Apprenez le Reconnective Healing, pour vous-m\u00eame, vos amis et votre famille ou pour animer des s\u00e9ances dans un cadre professionnel. Tous les programmes de formation dans le monde Vous souhaitez en savoir plus sur le Reconnective Healing\u00ae et la Reconnexion Personnelle\u00ae, et [&hellip;]<\/p>\n","protected":false},"author":2,"featured_media":0,"parent":0,"menu_order":0,"comment_status":"closed","ping_status":"closed","template":"elementor_header_footer","meta":{"site-sidebar-layout":"default","site-content-layout":"","ast-site-content-layout":"default","site-content-style":"default","site-sidebar-style":"default","ast-global-header-display":"","ast-banner-title-visibility":"","ast-main-header-display":"","ast-hfb-above-header-display":"","ast-hfb-below-header-display":"","ast-hfb-mobile-header-display":"","site-post-title":"","ast-breadcrumbs-content":"","ast-featured-img":"","footer-sml-layout":"","ast-disable-related-posts":"","theme-transparent-header-meta":"","adv-header-id-meta":"","stick-header-meta":"","header-above-stick-meta":"","header-main-stick-meta":"","header-below-stick-meta":"","astra-migrate-meta-layouts":"default","ast-page-background-enabled":"default","ast-page-background-meta":{"desktop":{"background-color":"var(--ast-global-color-4)","background-image":"","background-repeat":"repeat","background-position":"center center","background-size":"auto","background-attachment":"scroll","background-type":"","background-media":"","overlay-type":"","overlay-color":"","overlay-opacity":"","overlay-gradient":""},"tablet":{"background-color":"","background-image":"","background-repeat":"repeat","background-position":"center center","background-size":"auto","background-attachment":"scroll","background-type":"","background-media":"","overlay-type":"","overlay-color":"","overlay-opacity":"","overlay-gradient":""},"mobile":{"background-color":"","background-image":"","background-repeat":"repeat","background-position":"center center","background-size":"auto","background-attachment":"scroll","background-type":"","background-media":"","overlay-type":"","overlay-color":"","overlay-opacity":"","overlay-gradient":""}},"ast-content-background-meta":{"desktop":{"background-color":"var(--ast-global-color-5)","background-image":"","background-repeat":"repeat","background-position":"center center","background-size":"auto","background-attachment":"scroll","background-type":"","background-media":"","overlay-type":"","overlay-color":"","overlay-opacity":"","overlay-gradient":""},"tablet":{"background-color":"var(--ast-global-color-5)","background-image":"","background-repeat":"repeat","background-position":"center center","background-size":"auto","background-attachment":"scroll","background-type":"","background-media":"","overlay-type":"","overlay-color":"","overlay-opacity":"","overlay-gradient":""},"mobile":{"background-color":"var(--ast-global-color-5)","background-image":"","background-repeat":"repeat","background-position":"center center","background-size":"auto","background-attachment":"scroll","background-type":"","background-media":"","overlay-type":"","overlay-color":"","overlay-opacity":"","overlay-gradient":""}},"footnotes":""},"class_list":["post-3075","page","type-page","status-publish","hentry"],"_links":{"self":[{"href":"https:\/\/reconnexion-reconnectie.be\/fr\/wp-json\/wp\/v2\/pages\/3075","targetHints":{"allow":["GET"]}}],"collection":[{"href":"https:\/\/reconnexion-reconnectie.be\/fr\/wp-json\/wp\/v2\/pages"}],"about":[{"href":"https:\/\/reconnexion-reconnectie.be\/fr\/wp-json\/wp\/v2\/types\/page"}],"author":[{"embeddable":true,"href":"https:\/\/reconnexion-reconnectie.be\/fr\/wp-json\/wp\/v2\/users\/2"}],"replies":[{"embeddable":true,"href":"https:\/\/reconnexion-reconnectie.be\/fr\/wp-json\/wp\/v2\/comments?post=3075"}],"version-history":[{"count":5,"href":"https:\/\/reconnexion-reconnectie.be\/fr\/wp-json\/wp\/v2\/pages\/3075\/revisions"}],"predecessor-version":[{"id":5097,"href":"https:\/\/reconnexion-reconnectie.be\/fr\/wp-json\/wp\/v2\/pages\/3075\/revisions\/5097"}],"wp:attachment":[{"href":"https:\/\/reconnexion-reconnectie.be\/fr\/wp-json\/wp\/v2\/media?parent=3075"}],"curies":[{"name":"wp","href":"https:\/\/api.w.org\/{rel}","templated":true}]}}