{"id":3071,"date":"2020-07-03T20:32:13","date_gmt":"2020-07-03T18:32:13","guid":{"rendered":"https:\/\/reconnexion-reconnectie.be\/guerison-reconnective\/"},"modified":"2023-10-30T20:24:28","modified_gmt":"2023-10-30T19:24:28","slug":"guerison-reconnective","status":"publish","type":"page","link":"https:\/\/reconnexion-reconnectie.be\/fr\/guerison-reconnective\/","title":{"rendered":"Reconnective Healing"},"content":{"rendered":"\t\t<div data-elementor-type=\"wp-page\" data-elementor-id=\"3071\" class=\"elementor elementor-3071 elementor-365\">\n\t\t\t\t\t\t<section class=\"elementor-section elementor-top-section elementor-element elementor-element-5452e7e9 elementor-section-stretched elementor-section-boxed elementor-section-height-default elementor-section-height-default\" data-id=\"5452e7e9\" data-element_type=\"section\" data-e-type=\"section\" data-settings=\"{&quot;background_background&quot;:&quot;classic&quot;,&quot;shape_divider_bottom&quot;:&quot;tilt&quot;,&quot;stretch_section&quot;:&quot;section-stretched&quot;}\">\n\t\t\t\t\t\t\t<div class=\"elementor-background-overlay\"><\/div>\n\t\t\t\t\t\t<div class=\"elementor-shape elementor-shape-bottom\" aria-hidden=\"true\" data-negative=\"false\">\n\t\t\t<svg xmlns=\"http:\/\/www.w3.org\/2000\/svg\" viewBox=\"0 0 1000 100\" preserveAspectRatio=\"none\">\n\t<path class=\"elementor-shape-fill\" d=\"M0,6V0h1000v100L0,6z\"\/>\n<\/svg>\t\t<\/div>\n\t\t\t\t\t<div class=\"elementor-container elementor-column-gap-default\">\n\t\t\t\t\t<div class=\"elementor-column elementor-col-50 elementor-top-column elementor-element elementor-element-4d691e96\" data-id=\"4d691e96\" data-element_type=\"column\" data-e-type=\"column\">\n\t\t\t<div class=\"elementor-widget-wrap elementor-element-populated\">\n\t\t\t\t\t\t<div class=\"elementor-element elementor-element-2ad71e89 elementor-widget elementor-widget-heading\" data-id=\"2ad71e89\" data-element_type=\"widget\" data-e-type=\"widget\" data-widget_type=\"heading.default\">\n\t\t\t\t<div class=\"elementor-widget-container\">\n\t\t\t\t\t<h1 class=\"elementor-heading-title elementor-size-default\">Reconnective Healing<\/h1>\t\t\t\t<\/div>\n\t\t\t\t<\/div>\n\t\t\t\t<div class=\"elementor-element elementor-element-101965a4 elementor-widget elementor-widget-text-editor\" data-id=\"101965a4\" data-element_type=\"widget\" data-e-type=\"widget\" data-widget_type=\"text-editor.default\">\n\t\t\t\t<div class=\"elementor-widget-container\">\n\t\t\t\t\t\t\t\t\t<p><em>La Reconnective Healing agit comme une &lsquo;mise \u00e0 niveau&rsquo; de tous nos champs d&rsquo;\u00e9nergie, jusqu&rsquo;\u00e0 notre ADN.<\/em><\/p>\n\t\t\t\t\t\t\t\t<\/div>\n\t\t\t\t<\/div>\n\t\t\t\t\t<\/div>\n\t\t<\/div>\n\t\t\t\t<div class=\"elementor-column elementor-col-50 elementor-top-column elementor-element elementor-element-1df698c4 elementor-hidden-tablet elementor-hidden-mobile\" data-id=\"1df698c4\" data-element_type=\"column\" data-e-type=\"column\">\n\t\t\t<div class=\"elementor-widget-wrap\">\n\t\t\t\t\t\t\t<\/div>\n\t\t<\/div>\n\t\t\t\t\t<\/div>\n\t\t<\/section>\n\t\t\t\t<section class=\"elementor-section elementor-top-section elementor-element elementor-element-47e9a19 elementor-section-boxed elementor-section-height-default elementor-section-height-default\" data-id=\"47e9a19\" data-element_type=\"section\" data-e-type=\"section\">\n\t\t\t\t\t\t<div class=\"elementor-container elementor-column-gap-no\">\n\t\t\t\t\t<div class=\"elementor-column elementor-col-100 elementor-top-column elementor-element elementor-element-2ba0a1f7\" data-id=\"2ba0a1f7\" data-element_type=\"column\" data-e-type=\"column\">\n\t\t\t<div class=\"elementor-widget-wrap elementor-element-populated\">\n\t\t\t\t\t\t<section class=\"elementor-section elementor-inner-section elementor-element elementor-element-374c9fe5 elementor-section-full_width elementor-section-height-default elementor-section-height-default\" data-id=\"374c9fe5\" data-element_type=\"section\" data-e-type=\"section\">\n\t\t\t\t\t\t<div class=\"elementor-container elementor-column-gap-no\">\n\t\t\t\t\t<div class=\"elementor-column elementor-col-50 elementor-inner-column elementor-element elementor-element-19ef688b elementor-invisible\" data-id=\"19ef688b\" data-element_type=\"column\" data-e-type=\"column\" data-settings=\"{&quot;background_background&quot;:&quot;classic&quot;,&quot;animation&quot;:&quot;fadeInLeft&quot;}\">\n\t\t\t<div class=\"elementor-widget-wrap elementor-element-populated\">\n\t\t\t\t\t\t<div class=\"elementor-element elementor-element-5ee7c496 elementor-widget elementor-widget-spacer\" data-id=\"5ee7c496\" data-element_type=\"widget\" data-e-type=\"widget\" data-widget_type=\"spacer.default\">\n\t\t\t\t<div class=\"elementor-widget-container\">\n\t\t\t\t\t\t\t<div class=\"elementor-spacer\">\n\t\t\t<div class=\"elementor-spacer-inner\"><\/div>\n\t\t<\/div>\n\t\t\t\t\t\t<\/div>\n\t\t\t\t<\/div>\n\t\t\t\t\t<\/div>\n\t\t<\/div>\n\t\t\t\t<div class=\"elementor-column elementor-col-50 elementor-inner-column elementor-element elementor-element-59d328a7\" data-id=\"59d328a7\" data-element_type=\"column\" data-e-type=\"column\">\n\t\t\t<div class=\"elementor-widget-wrap elementor-element-populated\">\n\t\t\t\t\t\t<div class=\"elementor-element elementor-element-418301 elementor-invisible elementor-widget elementor-widget-heading\" data-id=\"418301\" data-element_type=\"widget\" data-e-type=\"widget\" data-settings=\"{&quot;_animation&quot;:&quot;fadeInUp&quot;}\" data-widget_type=\"heading.default\">\n\t\t\t\t<div class=\"elementor-widget-container\">\n\t\t\t\t\t<h2 class=\"elementor-heading-title elementor-size-default\">A propos de<\/h2>\t\t\t\t<\/div>\n\t\t\t\t<\/div>\n\t\t\t\t<div class=\"elementor-element elementor-element-a626519 elementor-widget elementor-widget-text-editor\" data-id=\"a626519\" data-element_type=\"widget\" data-e-type=\"widget\" data-widget_type=\"text-editor.default\">\n\t\t\t\t<div class=\"elementor-widget-container\">\n\t\t\t\t\t\t\t\t\t<p>Le Reconnective Healing\u00ae, d\u00e9velopp\u00e9e et enseign\u00e9e par <strong>Eric Pearl<\/strong> depuis 30 ans, nous connecte \u00e0 un <strong>spectre d&rsquo;\u00e9nergie, de lumi\u00e8re et d&rsquo;information<\/strong> qui anime toute notre plan\u00e8te. Il s&rsquo;agit d&rsquo;une forme hautement \u00e9volu\u00e9e d&rsquo;interaction \u00e9nerg\u00e9tique qui continue \u00e0 faire progresser notre <strong>sant\u00e9, notre \u00e9quilibre et notre qualit\u00e9 de vie<\/strong> avec une libert\u00e9 infinie et une <strong>conscience \u00e9largie<\/strong>. Il favorise notre capacit\u00e9 \u00e0 <strong>nous gu\u00e9rir nous-m\u00eames<\/strong> et \u00e0 influencer la vie des autres.<\/p>\n<p>Ces <strong>fr\u00e9quences vibratoires<\/strong> englobent les syst\u00e8mes \u00e9nerg\u00e9tiques et les bienfaits de nombreuses techniques de gu\u00e9rison holistique ancestrales, tout en \u00e9tant accessibles sans \u00e9tapes, proc\u00e9dures ou rituels compliqu\u00e9s. Le Reconnective Healing est <strong>tangible et mesurable<\/strong>. Nous pouvons <strong>le sentir<\/strong>!<\/p>\t\t\t\t\t\t\t\t<\/div>\n\t\t\t\t<\/div>\n\t\t\t\t\t<\/div>\n\t\t<\/div>\n\t\t\t\t\t<\/div>\n\t\t<\/section>\n\t\t\t\t<section class=\"elementor-section elementor-inner-section elementor-element elementor-element-25066f3b elementor-section-full_width elementor-section-height-default elementor-section-height-default\" data-id=\"25066f3b\" data-element_type=\"section\" data-e-type=\"section\">\n\t\t\t\t\t\t<div class=\"elementor-container elementor-column-gap-default\">\n\t\t\t\t\t<div class=\"elementor-column elementor-col-50 elementor-inner-column elementor-element elementor-element-79db615c\" data-id=\"79db615c\" data-element_type=\"column\" data-e-type=\"column\">\n\t\t\t<div class=\"elementor-widget-wrap elementor-element-populated\">\n\t\t\t\t\t\t<div class=\"elementor-element elementor-element-2c467565 elementor-widget elementor-widget-text-editor\" data-id=\"2c467565\" data-element_type=\"widget\" data-e-type=\"widget\" data-widget_type=\"text-editor.default\">\n\t\t\t\t<div class=\"elementor-widget-container\">\n\t\t\t\t\t\t\t\t\t<p>Nous acc\u00e9dons \u00e0 une <strong>conscience int\u00e9rieure<\/strong> avec une r\u00e9sonance vibratoire qui favorise la force, la puissance c\u00e9r\u00e9brale, la sagesse, la stabilit\u00e9 \u00e9motionnelle et la vitalit\u00e9 physique. Le Reconnective Healing cr\u00e9e une cha\u00eene d&rsquo;\u00e9v\u00e9nements qui peut grandement am\u00e9liorer <strong>tous les aspects de votre vie<\/strong> &#8211; sant\u00e9, carri\u00e8re, relations, abondance&#8230; Un potentiel apparemment inatteignable devient r\u00e9alit\u00e9.<\/p>\n<p>Les <a href=\"https:\/\/www.thereconnection.com\/science-research\" target=\"_blank\" rel=\"noreferrer noopener\">\u00e9tudes men\u00e9es par des scientifiques<\/a>, dont des chercheurs affili\u00e9s \u00e0 des institutions telles que Harvard, Yale et Stanford, ont notamment mis en \u00e9vidence que le Reconnective Healing se pratique avec autant de <strong>r\u00e9sultats \u00e0 distance<\/strong> que dans une salle de consultation, en raison de la nature ondulatoire sp\u00e9cifique des fr\u00e9quences mobilis\u00e9es. Un atout qui s&rsquo;est av\u00e9r\u00e9 inestimable en p\u00e9riode de confinement.<\/p>\n<p>Cette puissante harmonisation a <strong>chang\u00e9 la vie de<\/strong> nombreuses personnes dans le monde entier. Parmi les plus de 100 000 personnes qui ont re\u00e7u diff\u00e9rents niveaux de formation en Reconnective Healing, beaucoup sont devenues des praticiens, soit \u00e0 titre priv\u00e9, soit \u00e0 titre professionnel.<\/p>\t\t\t\t\t\t\t\t<\/div>\n\t\t\t\t<\/div>\n\t\t\t\t\t<\/div>\n\t\t<\/div>\n\t\t\t\t<div class=\"elementor-column elementor-col-50 elementor-inner-column elementor-element elementor-element-56c9c929\" data-id=\"56c9c929\" data-element_type=\"column\" data-e-type=\"column\" data-settings=\"{&quot;background_background&quot;:&quot;classic&quot;}\">\n\t\t\t<div class=\"elementor-widget-wrap elementor-element-populated\">\n\t\t\t\t\t\t<div class=\"elementor-element elementor-element-2c716958 elementor-widget elementor-widget-spacer\" data-id=\"2c716958\" data-element_type=\"widget\" data-e-type=\"widget\" data-widget_type=\"spacer.default\">\n\t\t\t\t<div class=\"elementor-widget-container\">\n\t\t\t\t\t\t\t<div class=\"elementor-spacer\">\n\t\t\t<div class=\"elementor-spacer-inner\"><\/div>\n\t\t<\/div>\n\t\t\t\t\t\t<\/div>\n\t\t\t\t<\/div>\n\t\t\t\t\t<\/div>\n\t\t<\/div>\n\t\t\t\t\t<\/div>\n\t\t<\/section>\n\t\t\t\t\t<\/div>\n\t\t<\/div>\n\t\t\t\t\t<\/div>\n\t\t<\/section>\n\t\t\t\t<section class=\"elementor-section elementor-top-section elementor-element elementor-element-25a66829 elementor-section-full_width elementor-section-stretched elementor-section-height-default elementor-section-height-default\" data-id=\"25a66829\" data-element_type=\"section\" data-e-type=\"section\" data-settings=\"{&quot;background_background&quot;:&quot;classic&quot;,&quot;stretch_section&quot;:&quot;section-stretched&quot;}\">\n\t\t\t\t\t\t<div class=\"elementor-container elementor-column-gap-default\">\n\t\t\t\t\t<div class=\"elementor-column elementor-col-50 elementor-top-column elementor-element elementor-element-66a3a38f\" data-id=\"66a3a38f\" data-element_type=\"column\" data-e-type=\"column\" data-settings=\"{&quot;background_background&quot;:&quot;classic&quot;}\">\n\t\t\t<div class=\"elementor-widget-wrap elementor-element-populated\">\n\t\t\t\t\t\t<div class=\"elementor-element elementor-element-442688f3 elementor-widget elementor-widget-spacer\" data-id=\"442688f3\" data-element_type=\"widget\" data-e-type=\"widget\" data-widget_type=\"spacer.default\">\n\t\t\t\t<div class=\"elementor-widget-container\">\n\t\t\t\t\t\t\t<div class=\"elementor-spacer\">\n\t\t\t<div class=\"elementor-spacer-inner\"><\/div>\n\t\t<\/div>\n\t\t\t\t\t\t<\/div>\n\t\t\t\t<\/div>\n\t\t\t\t\t<\/div>\n\t\t<\/div>\n\t\t\t\t<div class=\"elementor-column elementor-col-50 elementor-top-column elementor-element elementor-element-61f6f494\" data-id=\"61f6f494\" data-element_type=\"column\" data-e-type=\"column\">\n\t\t\t<div class=\"elementor-widget-wrap elementor-element-populated\">\n\t\t\t\t\t\t<div class=\"elementor-element elementor-element-1caf20cc elementor-widget elementor-widget-text-editor\" data-id=\"1caf20cc\" data-element_type=\"widget\" data-e-type=\"widget\" data-widget_type=\"text-editor.default\">\n\t\t\t\t<div class=\"elementor-widget-container\">\n\t\t\t\t\t\t\t\t\t<p>L&rsquo;exp\u00e9rience du Reconnective Healing est <strong>unique<\/strong> pour chacun. Ses effets peuvent \u00eatre <strong>physiques, mentaux, \u00e9motionnels ou spirituels<\/strong> (au sens large). Souvent, des gu\u00e9risons sont signal\u00e9es apr\u00e8s une seule s\u00e9ance, mais le processus se poursuit pendant plusieurs jours. Il est \u00e0 noter que l&rsquo;action du Reconnective Healing prend parfois plusieurs semaines (voire plusieurs mois) pour se manifester pleinement.<\/p>\n<p><strong>Aucune condition pr\u00e9alable<\/strong> n&rsquo;est requise pour participer \u00e0 une session. Il suffit de vider notre esprit pour qu&rsquo;il &lsquo;<strong>re\u00e7oive&rsquo;<\/strong> sans interf\u00e9rence , les fr\u00e9quences de l&rsquo;\u00e9nergie, de la lumi\u00e8re et de l&rsquo;information.<\/p>\n<p>Il est important de rester dans un <strong>\u00e9tat d&rsquo;attente neutre<\/strong>, sans se focaliser sur des r\u00e9sultats particuliers. Il n&rsquo;est pas n\u00e9cessaire de respirer d&rsquo;une mani\u00e8re particuli\u00e8re, de visualiser des sc\u00e8nes relaxantes ou des r\u00e9sultats souhait\u00e9s, de m\u00e9diter, de prier ou de r\u00e9citer des mantras, qui d\u00e9tournent l&rsquo;attention. L&rsquo;\u00e9nergie sait exactement ce qui vous est le plus utile \u00e0 ce moment-l\u00e0. Des sensations particuli\u00e8res peuvent survenir ; il est int\u00e9ressant de les noter.<\/p>\t\t\t\t\t\t\t\t<\/div>\n\t\t\t\t<\/div>\n\t\t\t\t\t<\/div>\n\t\t<\/div>\n\t\t\t\t\t<\/div>\n\t\t<\/section>\n\t\t\t\t<section class=\"elementor-section elementor-top-section elementor-element elementor-element-6a2e7f62 elementor-section-boxed elementor-section-height-default elementor-section-height-default\" data-id=\"6a2e7f62\" data-element_type=\"section\" data-e-type=\"section\">\n\t\t\t\t\t\t<div class=\"elementor-container elementor-column-gap-no\">\n\t\t\t\t\t<div class=\"elementor-column elementor-col-100 elementor-top-column elementor-element elementor-element-33d226c6\" data-id=\"33d226c6\" data-element_type=\"column\" data-e-type=\"column\">\n\t\t\t<div class=\"elementor-widget-wrap elementor-element-populated\">\n\t\t\t\t\t\t<section class=\"elementor-section elementor-inner-section elementor-element elementor-element-44813278 elementor-section-boxed elementor-section-height-default elementor-section-height-default\" data-id=\"44813278\" data-element_type=\"section\" data-e-type=\"section\">\n\t\t\t\t\t\t<div class=\"elementor-container elementor-column-gap-no\">\n\t\t\t\t\t<div class=\"elementor-column elementor-col-100 elementor-inner-column elementor-element elementor-element-57ad6fe1\" data-id=\"57ad6fe1\" data-element_type=\"column\" data-e-type=\"column\">\n\t\t\t<div class=\"elementor-widget-wrap elementor-element-populated\">\n\t\t\t\t\t\t<div class=\"elementor-element elementor-element-970066 elementor-invisible elementor-widget elementor-widget-heading\" data-id=\"970066\" data-element_type=\"widget\" data-e-type=\"widget\" data-settings=\"{&quot;_animation&quot;:&quot;fadeInUp&quot;,&quot;_animation_delay&quot;:200}\" data-widget_type=\"heading.default\">\n\t\t\t\t<div class=\"elementor-widget-container\">\n\t\t\t\t\t<h6 class=\"elementor-heading-title elementor-size-default\">Apprendre \u00e0 recevoir, sans intention, sans attente, dans la gratitude<\/h6>\t\t\t\t<\/div>\n\t\t\t\t<\/div>\n\t\t\t\t\t<\/div>\n\t\t<\/div>\n\t\t\t\t\t<\/div>\n\t\t<\/section>\n\t\t\t\t\t<\/div>\n\t\t<\/div>\n\t\t\t\t\t<\/div>\n\t\t<\/section>\n\t\t\t\t<section class=\"elementor-section elementor-top-section elementor-element elementor-element-621d629 elementor-section-stretched elementor-section-boxed elementor-section-height-default elementor-section-height-default\" data-id=\"621d629\" data-element_type=\"section\" data-e-type=\"section\" data-settings=\"{&quot;background_background&quot;:&quot;classic&quot;,&quot;stretch_section&quot;:&quot;section-stretched&quot;}\">\n\t\t\t\t\t\t<div class=\"elementor-container elementor-column-gap-no\">\n\t\t\t\t\t<div class=\"elementor-column elementor-col-100 elementor-top-column elementor-element elementor-element-10245911\" data-id=\"10245911\" data-element_type=\"column\" data-e-type=\"column\">\n\t\t\t<div class=\"elementor-widget-wrap elementor-element-populated\">\n\t\t\t\t\t\t<section class=\"elementor-section elementor-inner-section elementor-element elementor-element-50a0a651 elementor-section-full_width elementor-section-height-default elementor-section-height-default\" data-id=\"50a0a651\" data-element_type=\"section\" data-e-type=\"section\">\n\t\t\t\t\t\t<div class=\"elementor-container elementor-column-gap-default\">\n\t\t\t\t\t<div class=\"elementor-column elementor-col-50 elementor-inner-column elementor-element elementor-element-286aeb86\" data-id=\"286aeb86\" data-element_type=\"column\" data-e-type=\"column\">\n\t\t\t<div class=\"elementor-widget-wrap elementor-element-populated\">\n\t\t\t\t\t\t<div class=\"elementor-element elementor-element-5515c50e elementor-invisible elementor-widget elementor-widget-heading\" data-id=\"5515c50e\" data-element_type=\"widget\" data-e-type=\"widget\" data-settings=\"{&quot;_animation&quot;:&quot;fadeInUp&quot;}\" data-widget_type=\"heading.default\">\n\t\t\t\t<div class=\"elementor-widget-container\">\n\t\t\t\t\t<h2 class=\"elementor-heading-title elementor-size-default\">Int\u00e9ress\u00e9(e) ?<\/h2>\t\t\t\t<\/div>\n\t\t\t\t<\/div>\n\t\t\t\t<div class=\"elementor-element elementor-element-62c5919d elementor-invisible elementor-widget elementor-widget-heading\" data-id=\"62c5919d\" data-element_type=\"widget\" data-e-type=\"widget\" data-settings=\"{&quot;_animation&quot;:&quot;fadeInUp&quot;,&quot;_animation_delay&quot;:200}\" data-widget_type=\"heading.default\">\n\t\t\t\t<div class=\"elementor-widget-container\">\n\t\t\t\t\t<h3 class=\"elementor-heading-title elementor-size-default\">Votre s\u00e9ance de Reconnective Healing<\/h3>\t\t\t\t<\/div>\n\t\t\t\t<\/div>\n\t\t\t\t<div class=\"elementor-element elementor-element-9d29e53 elementor-align-center elementor-widget elementor-widget-button\" data-id=\"9d29e53\" data-element_type=\"widget\" data-e-type=\"widget\" data-widget_type=\"button.default\">\n\t\t\t\t<div class=\"elementor-widget-container\">\n\t\t\t\t\t\t\t\t\t<div class=\"elementor-button-wrapper\">\n\t\t\t\t\t<a class=\"elementor-button elementor-button-link elementor-size-sm\" href=\"https:\/\/reconnexion-reconnectie.be\/fr\/liste-des-praticiens\/\">\n\t\t\t\t\t\t<span class=\"elementor-button-content-wrapper\">\n\t\t\t\t\t\t\t\t\t<span class=\"elementor-button-text\">Contacter un praticien<\/span>\n\t\t\t\t\t<\/span>\n\t\t\t\t\t<\/a>\n\t\t\t\t<\/div>\n\t\t\t\t\t\t\t\t<\/div>\n\t\t\t\t<\/div>\n\t\t\t\t\t<\/div>\n\t\t<\/div>\n\t\t\t\t<div class=\"elementor-column elementor-col-50 elementor-inner-column elementor-element elementor-element-56b19ddc\" data-id=\"56b19ddc\" data-element_type=\"column\" data-e-type=\"column\">\n\t\t\t<div class=\"elementor-widget-wrap elementor-element-populated\">\n\t\t\t\t\t\t<div class=\"elementor-element elementor-element-1a41c620 elementor-widget elementor-widget-text-editor\" data-id=\"1a41c620\" data-element_type=\"widget\" data-e-type=\"widget\" data-widget_type=\"text-editor.default\">\n\t\t\t\t<div class=\"elementor-widget-container\">\n\t\t\t\t\t\t\t\t\t<p>Si vous \u00eates int\u00e9ress\u00e9 par une s\u00e9ance du Reconnective Healing, en cabinet ou \u00e0 distance, n&rsquo;h\u00e9sitez pas \u00e0 <strong><a href=\"https:\/\/reconnexion-reconnectie.be\/en\/practitioners-list\/\">contacter un praticien<\/a><\/strong> de votre choix pour convenir d&rsquo;un rendez-vous.<\/p>\n<p>Pour un b\u00e9n\u00e9fice maximal, il est recommand\u00e9 de ne pas m\u00e9langer le Reconnective Healing avec d&rsquo;autres pratiques de gu\u00e9rison \u00e9nerg\u00e9tique quelques jours avant et apr\u00e8s la s\u00e9ance.<\/p>\n<p><em>Avertissement : Le Reconnective Healing est parfaitement compl\u00e9mentaire de la m\u00e9decine occidentale (et des th\u00e9rapies dites alternatives), dont elle renforce l&rsquo;action. Il convient de souligner qu&rsquo;il ne peut en aucun cas remplacer un traitement m\u00e9dical (actuel ou futur). Elle ne permet pas de diagnostiquer ou de traiter des probl\u00e8mes de sant\u00e9 sp\u00e9cifiques. Le Reconnective Healing ne se r\u00e9f\u00e8re \u00e0 aucune religion, philosophie ou pratique de gu\u00e9rison existante. Aucune contre-indication ou effet secondaire n\u00e9gatif n&rsquo;a \u00e9t\u00e9 enregistr\u00e9 \u00e0 ce jour.<\/em><\/p>\t\t\t\t\t\t\t\t<\/div>\n\t\t\t\t<\/div>\n\t\t\t\t\t<\/div>\n\t\t<\/div>\n\t\t\t\t\t<\/div>\n\t\t<\/section>\n\t\t\t\t\t<\/div>\n\t\t<\/div>\n\t\t\t\t\t<\/div>\n\t\t<\/section>\n\t\t\t\t<\/div>\n\t\t","protected":false},"excerpt":{"rendered":"<p>Reconnective Healing La Reconnective Healing agit comme une &lsquo;mise \u00e0 niveau&rsquo; de tous nos champs d&rsquo;\u00e9nergie, jusqu&rsquo;\u00e0 notre ADN. A propos de Le Reconnective Healing\u00ae, d\u00e9velopp\u00e9e et enseign\u00e9e par Eric Pearl depuis 30 ans, nous connecte \u00e0 un spectre d&rsquo;\u00e9nergie, de lumi\u00e8re et d&rsquo;information qui anime toute notre plan\u00e8te. Il s&rsquo;agit d&rsquo;une forme hautement \u00e9volu\u00e9e [&hellip;]<\/p>\n","protected":false},"author":2,"featured_media":0,"parent":0,"menu_order":0,"comment_status":"closed","ping_status":"closed","template":"elementor_header_footer","meta":{"site-sidebar-layout":"default","site-content-layout":"","ast-site-content-layout":"default","site-content-style":"default","site-sidebar-style":"default","ast-global-header-display":"","ast-banner-title-visibility":"","ast-main-header-display":"","ast-hfb-above-header-display":"","ast-hfb-below-header-display":"","ast-hfb-mobile-header-display":"","site-post-title":"","ast-breadcrumbs-content":"","ast-featured-img":"","footer-sml-layout":"","ast-disable-related-posts":"","theme-transparent-header-meta":"","adv-header-id-meta":"","stick-header-meta":"","header-above-stick-meta":"","header-main-stick-meta":"","header-below-stick-meta":"","astra-migrate-meta-layouts":"default","ast-page-background-enabled":"default","ast-page-background-meta":{"desktop":{"background-color":"var(--ast-global-color-4)","background-image":"","background-repeat":"repeat","background-position":"center center","background-size":"auto","background-attachment":"scroll","background-type":"","background-media":"","overlay-type":"","overlay-color":"","overlay-opacity":"","overlay-gradient":""},"tablet":{"background-color":"","background-image":"","background-repeat":"repeat","background-position":"center center","background-size":"auto","background-attachment":"scroll","background-type":"","background-media":"","overlay-type":"","overlay-color":"","overlay-opacity":"","overlay-gradient":""},"mobile":{"background-color":"","background-image":"","background-repeat":"repeat","background-position":"center center","background-size":"auto","background-attachment":"scroll","background-type":"","background-media":"","overlay-type":"","overlay-color":"","overlay-opacity":"","overlay-gradient":""}},"ast-content-background-meta":{"desktop":{"background-color":"var(--ast-global-color-5)","background-image":"","background-repeat":"repeat","background-position":"center center","background-size":"auto","background-attachment":"scroll","background-type":"","background-media":"","overlay-type":"","overlay-color":"","overlay-opacity":"","overlay-gradient":""},"tablet":{"background-color":"var(--ast-global-color-5)","background-image":"","background-repeat":"repeat","background-position":"center center","background-size":"auto","background-attachment":"scroll","background-type":"","background-media":"","overlay-type":"","overlay-color":"","overlay-opacity":"","overlay-gradient":""},"mobile":{"background-color":"var(--ast-global-color-5)","background-image":"","background-repeat":"repeat","background-position":"center center","background-size":"auto","background-attachment":"scroll","background-type":"","background-media":"","overlay-type":"","overlay-color":"","overlay-opacity":"","overlay-gradient":""}},"footnotes":""},"class_list":["post-3071","page","type-page","status-publish","hentry"],"_links":{"self":[{"href":"https:\/\/reconnexion-reconnectie.be\/fr\/wp-json\/wp\/v2\/pages\/3071","targetHints":{"allow":["GET"]}}],"collection":[{"href":"https:\/\/reconnexion-reconnectie.be\/fr\/wp-json\/wp\/v2\/pages"}],"about":[{"href":"https:\/\/reconnexion-reconnectie.be\/fr\/wp-json\/wp\/v2\/types\/page"}],"author":[{"embeddable":true,"href":"https:\/\/reconnexion-reconnectie.be\/fr\/wp-json\/wp\/v2\/users\/2"}],"replies":[{"embeddable":true,"href":"https:\/\/reconnexion-reconnectie.be\/fr\/wp-json\/wp\/v2\/comments?post=3071"}],"version-history":[{"count":5,"href":"https:\/\/reconnexion-reconnectie.be\/fr\/wp-json\/wp\/v2\/pages\/3071\/revisions"}],"predecessor-version":[{"id":3391,"href":"https:\/\/reconnexion-reconnectie.be\/fr\/wp-json\/wp\/v2\/pages\/3071\/revisions\/3391"}],"wp:attachment":[{"href":"https:\/\/reconnexion-reconnectie.be\/fr\/wp-json\/wp\/v2\/media?parent=3071"}],"curies":[{"name":"wp","href":"https:\/\/api.w.org\/{rel}","templated":true}]}}