{"id":3065,"date":"2020-07-03T20:29:56","date_gmt":"2020-07-03T18:29:56","guid":{"rendered":"https:\/\/reconnexion-reconnectie.be\/avis-de-non-responsabilite\/"},"modified":"2023-10-13T17:53:35","modified_gmt":"2023-10-13T15:53:35","slug":"avis-de-non-responsabilite","status":"publish","type":"page","link":"https:\/\/reconnexion-reconnectie.be\/fr\/avis-de-non-responsabilite\/","title":{"rendered":"Avis de non-responsabilit\u00e9"},"content":{"rendered":"\n<h4 class=\"wp-block-heading\">Clause de non-responsabilit\u00e9<\/h4>\n\n<p>Les praticiens de la Gu\u00e9rison Reconnective regroup\u00e9s sur ce site ne sont pas dipl\u00f4m\u00e9s en m\u00e9decine ni reconnus comme th\u00e9rapeutes dans les cat\u00e9gories professionnelles pr\u00e9vues par la loi belge.<\/p>\n\n<p>La <strong>Gu\u00e9rison Reconnective\u00ae<\/strong>et la <strong>Reconnexion Personnelle\u00ae<\/strong>qu&rsquo;ils proposent en tant que praticiens confirm\u00e9s, selon l&rsquo;enseignement d&rsquo;<strong>Eric Pearl<\/strong>, sont deux <strong> approches \u00ab\u00a0bien-\u00eatre\u00a0\u00bb<\/strong> de nature \u00e9nerg\u00e9tique, sans diagnostic, ni interpr\u00e9tation, ni prescription, ni contact physique. <strong>Elles ne peuvent en aucun cas se substituer \u00e0 un traitement m\u00e9dical<\/strong> (existant ou \u00e0 venir).<\/p>\n\n<p>Les effets de r\u00e9\u00e9quilibrage \u00e9nerg\u00e9tique, d&rsquo;harmonisation et de d\u00e9veloppement personnel induits lors des s\u00e9ances sont activ\u00e9s par les receveurs eux-m\u00eames, selon ce qui leur convient \u00e0 ce moment-l\u00e0 et sous leur enti\u00e8re responsabilit\u00e9. <strong>Aucune garantie<\/strong>ne peut \u00eatre <strong>donn\u00e9e<\/strong>quant au r\u00e9sultat de ces traitements.<\/p>\n\n<p>La Gu\u00e9rison Reconnective\u00ae et la Reconnexion Personnelle\u00ae sont <strong>parfaitement compl\u00e9mentaires <\/strong>de la m\u00e9decine occidentale (et des m\u00e9decines dites alternatives), dont elles renforcent l&rsquo;action. Ils ne sont li\u00e9s \u00e0 aucune religion, philosophie ou pratique de gu\u00e9rison existante.<\/p>\n\n<p>Bien qu&rsquo;il <strong>n&rsquo;y ait pas de contre-indications<\/strong> ou d&rsquo;effets secondaires n\u00e9gatifs enregistr\u00e9s \u00e0 ce jour, il convient de pr\u00e9ciser que certains changements \u00e9nerg\u00e9tiques peuvent appara\u00eetre dans les jours qui suivent le traitement, mais ils sont b\u00e9nins et temporaires (fatigue, excitation, r\u00eaves, douleurs musculaires, vertiges,&#8230;).<\/p>\n\n<p><strong><em>Avis de non-responsabilit\u00e9 international :  <\/em><\/strong><em>Eric Pearl, The Reconnection, LLC, The Reconnection (Europe) SL, et toutes les entit\u00e9s li\u00e9es (collectivement, \u00ab\u00a0The Reconnection\u00a0\u00bb) en relation avec The <sup>Reconnection\u00ae<\/sup> et Reconnective <sup>Healing\u00ae<\/sup>.y compris, mais sans s&rsquo;y limiter, les s\u00e9minaires, les enseignements, toute information ou personne, y compris, mais sans s&rsquo;y limiter, les praticiens, les instructeurs, les assistants, les repr\u00e9sentants, les associ\u00e9s, les employ\u00e9s, les agents et les cessionnaires qui y sont li\u00e9s, ne font aucune promesse, garantie, repr\u00e9sentation ou garantie concernant un diagnostic m\u00e9dical ou un traitement m\u00e9dical, et ne diagnostiquent, ne pr\u00e9viennent ni ne traitent des probl\u00e8mes de sant\u00e9 sp\u00e9cifiques. Vous \u00eates seul responsable de vos soins m\u00e9dicaux.<\/em><\/p>\n\n<h4 class=\"wp-block-heading\">Politique de confidentialit\u00e9<\/h4>\n\n<p>Les donn\u00e9es contenues dans le formulaire de contact ne sont conserv\u00e9es qu&rsquo;\u00e0 des fins professionnelles : nom, pr\u00e9nom, e-mail, site web. Elles sont trait\u00e9es dans le strict respect de la vie priv\u00e9e, conform\u00e9ment aux dispositions du <a rel=\"noreferrer noopener\" href=\"https:\/\/ec.europa.eu\/info\/law\/law-topic\/data-protection\/data-protection-eu_en\" target=\"_blank\">R\u00e8glement g\u00e9n\u00e9ral sur la protection des donn\u00e9es<\/a> &#8211; <strong>RGPD<\/strong>. Aucune information personnelle n&rsquo;est collect\u00e9e \u00e0 l&rsquo;insu de la personne concern\u00e9e.  <\/p>\n\n<p>Ces donn\u00e9es ne sont utilis\u00e9es que pour communiquer aux personnes qui le souhaitent des <strong>informations<\/strong> sur nos services et les activit\u00e9s li\u00e9es \u00e0 la Gu\u00e9rison Reconnective\u00ae et \u00e0 la Reconnexion Personnelle\u00ae en Belgique. Elles ne seront en aucun cas transmises \u00e0 des tiers. Vous pouvez <strong>vous d\u00e9sinscrire<\/strong> (d\u00e9finitivement) \u00e0 tout moment en renvoyant un e-mail ou via notre <a href=\"https:\/\/reconnexion-reconnectie.be\/en\/contact-2\/\">formulaire de contact<\/a>.<\/p>\n\n<p>Ce site ne contient pas de <strong>cookies<\/strong>.<\/p>\n\n<h4 class=\"wp-block-heading\">Cr\u00e9dits<\/h4>\n\n<p><strong>Propri\u00e9t\u00e9 intellectuelle :<\/strong><br\/>Le contenu de ce site est prot\u00e9g\u00e9 par la <strong>loi sur les droits d&rsquo;auteur<\/strong>. Toute reproduction, m\u00eame partielle, de ses textes et documents multim\u00e9dias est interdite sans l&rsquo;autorisation \u00e9crite de leur(s) auteur(s) respectif(s).<\/p>\n\n<p>Les concepts de<strong>\u00ab\u00a0Reconnective Healing\u00ae<\/strong>\u00a0\u00bb et de<strong>\u00ab\u00a0Reconnection\u00ae<\/strong>\u00a0\u00bb sont des marques d\u00e9pos\u00e9es. Y faire r\u00e9f\u00e9rence n&rsquo;est autoris\u00e9 que dans un cadre strict (voir les conditions en ligne sur <a rel=\"noreferrer noopener\" href=\"https:\/\/www.thereconnection.com\/terms-and-conditions\" target=\"_blank\">www.thereconnection.com)<\/a>.<\/p>\n\n<p><strong>Cr\u00e9dits photographiques :<\/strong><br\/>Pour des raisons techniques, il n&rsquo;a pas \u00e9t\u00e9 possible d&rsquo;indiquer les noms des auteurs des illustrations et des vid\u00e9os (ou les propri\u00e9taires de leur licence d&rsquo;exploitation) au bas des illustrations. Elles proviennent du site <a rel=\"noreferrer noopener\" href=\"http:\/\/www.thereconnection.com\" target=\"_blank\">www.thereconnection.com<\/a> et de la banque de photos <a rel=\"noreferrer noopener\" href=\"http:\/\/123RF.com\" target=\"_blank\">123RF.com<\/a> (auteurs : Itana, Nikki Zalweski, Eugene Sergeev, Andrey Kotko et Gamma Ray). Les portraits ont \u00e9t\u00e9 fournis respectivement par chacun des praticiens. Les autres images sont de Gery de Pierpont.<\/p>\n\n<h4 class=\"wp-block-heading\"><strong>\u00c9diteurs responsables<\/strong><\/h4>\n\n<p>Doina Lazar, Place d&rsquo;Italie 4\/12 \u00e0 4020 Li\u00e8ge &#8211; Belgique<br\/>Gery de Pierpont, Rue de la Faucille 64 \u00e0 1970 Wezembeek-Oppem &#8211; Belgiu<\/p>\n","protected":false},"excerpt":{"rendered":"<p>Clause de non-responsabilit\u00e9 Les praticiens de la Gu\u00e9rison Reconnective regroup\u00e9s sur ce site ne sont pas dipl\u00f4m\u00e9s en m\u00e9decine ni reconnus comme th\u00e9rapeutes dans les cat\u00e9gories professionnelles pr\u00e9vues par la loi belge. La Gu\u00e9rison Reconnective\u00aeet la Reconnexion Personnelle\u00aequ&rsquo;ils proposent en tant que praticiens confirm\u00e9s, selon l&rsquo;enseignement d&rsquo;Eric Pearl, sont deux approches \u00ab\u00a0bien-\u00eatre\u00a0\u00bb de nature \u00e9nerg\u00e9tique, [&hellip;]<\/p>\n","protected":false},"author":2,"featured_media":0,"parent":0,"menu_order":0,"comment_status":"closed","ping_status":"closed","template":"","meta":{"site-sidebar-layout":"default","site-content-layout":"","ast-site-content-layout":"default","site-content-style":"default","site-sidebar-style":"default","ast-global-header-display":"","ast-banner-title-visibility":"","ast-main-header-display":"","ast-hfb-above-header-display":"","ast-hfb-below-header-display":"","ast-hfb-mobile-header-display":"","site-post-title":"","ast-breadcrumbs-content":"","ast-featured-img":"","footer-sml-layout":"","ast-disable-related-posts":"","theme-transparent-header-meta":"","adv-header-id-meta":"","stick-header-meta":"","header-above-stick-meta":"","header-main-stick-meta":"","header-below-stick-meta":"","astra-migrate-meta-layouts":"default","ast-page-background-enabled":"default","ast-page-background-meta":{"desktop":{"background-color":"var(--ast-global-color-4)","background-image":"","background-repeat":"repeat","background-position":"center center","background-size":"auto","background-attachment":"scroll","background-type":"","background-media":"","overlay-type":"","overlay-color":"","overlay-opacity":"","overlay-gradient":""},"tablet":{"background-color":"","background-image":"","background-repeat":"repeat","background-position":"center center","background-size":"auto","background-attachment":"scroll","background-type":"","background-media":"","overlay-type":"","overlay-color":"","overlay-opacity":"","overlay-gradient":""},"mobile":{"background-color":"","background-image":"","background-repeat":"repeat","background-position":"center center","background-size":"auto","background-attachment":"scroll","background-type":"","background-media":"","overlay-type":"","overlay-color":"","overlay-opacity":"","overlay-gradient":""}},"ast-content-background-meta":{"desktop":{"background-color":"var(--ast-global-color-5)","background-image":"","background-repeat":"repeat","background-position":"center center","background-size":"auto","background-attachment":"scroll","background-type":"","background-media":"","overlay-type":"","overlay-color":"","overlay-opacity":"","overlay-gradient":""},"tablet":{"background-color":"var(--ast-global-color-5)","background-image":"","background-repeat":"repeat","background-position":"center center","background-size":"auto","background-attachment":"scroll","background-type":"","background-media":"","overlay-type":"","overlay-color":"","overlay-opacity":"","overlay-gradient":""},"mobile":{"background-color":"var(--ast-global-color-5)","background-image":"","background-repeat":"repeat","background-position":"center center","background-size":"auto","background-attachment":"scroll","background-type":"","background-media":"","overlay-type":"","overlay-color":"","overlay-opacity":"","overlay-gradient":""}},"footnotes":""},"class_list":["post-3065","page","type-page","status-publish","hentry"],"_links":{"self":[{"href":"https:\/\/reconnexion-reconnectie.be\/fr\/wp-json\/wp\/v2\/pages\/3065","targetHints":{"allow":["GET"]}}],"collection":[{"href":"https:\/\/reconnexion-reconnectie.be\/fr\/wp-json\/wp\/v2\/pages"}],"about":[{"href":"https:\/\/reconnexion-reconnectie.be\/fr\/wp-json\/wp\/v2\/types\/page"}],"author":[{"embeddable":true,"href":"https:\/\/reconnexion-reconnectie.be\/fr\/wp-json\/wp\/v2\/users\/2"}],"replies":[{"embeddable":true,"href":"https:\/\/reconnexion-reconnectie.be\/fr\/wp-json\/wp\/v2\/comments?post=3065"}],"version-history":[{"count":1,"href":"https:\/\/reconnexion-reconnectie.be\/fr\/wp-json\/wp\/v2\/pages\/3065\/revisions"}],"predecessor-version":[{"id":3067,"href":"https:\/\/reconnexion-reconnectie.be\/fr\/wp-json\/wp\/v2\/pages\/3065\/revisions\/3067"}],"wp:attachment":[{"href":"https:\/\/reconnexion-reconnectie.be\/fr\/wp-json\/wp\/v2\/media?parent=3065"}],"curies":[{"name":"wp","href":"https:\/\/api.w.org\/{rel}","templated":true}]}}